{"id":6325,"date":"2023-11-06T12:29:53","date_gmt":"2023-11-06T12:29:53","guid":{"rendered":"https:\/\/lenovostoragecentral.com\/denken-sie-ihr-datenmanagement-neu\/"},"modified":"2024-01-23T17:27:19","modified_gmt":"2024-01-23T17:27:19","slug":"denken-sie-ihr-datenmanagement-neu","status":"publish","type":"page","link":"https:\/\/lenovodatastoragecentral.com\/de\/denken-sie-ihr-datenmanagement-neu\/","title":{"rendered":"Denken Sie Ihr Datenmanagement neu"},"content":{"rendered":"<h2>\u00dcber die Serie<\/h2>\n<p>Cloud-basiert, Cloud-only, Cloud-Migration \u2013 alles, was mit der Cloud zu tun hat, ist seit vielen Jahren ein wachsender Trend. Aber vielleicht ist dabei auch nicht immer alles optimal. Urspr\u00fcnglich war eine Cloud-basierte Infrastruktur die einzige M\u00f6glichkeit, den wachsenden Bedarf an Datenverwaltung und -speicherung in der modernen Welt zukunftssicher zu machen. Laut Gartner werden im Jahr 2023 voraussichtlich 600 Milliarden Dollar f\u00fcr \u00f6ffentliche Clouds ausgegeben. Im Durchschnitt kehrt jedoch etwa die H\u00e4lfte der Unternehmen nach einer Migration in die Cloud wieder zur\u00fcck zur vertrauten On-Premise-Infrastruktur.*<\/p>\n<p>Viele Unternehmen stehen vor der Herausforderung, die finanziellen und betrieblichen Anforderungen der Verwaltung eines Cloud-basierten Unternehmens zu erf\u00fcllen. Daher ist es an der Zeit, die Bed\u00fcrfnisse Ihrer Daten in den Vordergrund zu stellen und die Situation aus unterschiedlichen Perspektiven zu beurteilen. Dies kann dazu f\u00fchren, dass sich eine Kombination aus \u00f6ffentlicher Cloud und privaten On-Premise-L\u00f6sungen als beste Option erweist. Aus diesem Grund haben sich Lenovo und Veeam in dieser Webinar-Reihe zusammengetan, um Klarheit in Sachen Cloud-Migration zu schaffen und Unternehmen dabei zu unterst\u00fctzen, ihre Daten an erste Stelle zu setzen.<\/p>\n<p>Am Ende der drei aufeinanderfolgenden 15-min\u00fctigen Folgen werden Sie sich ger\u00fcstet f\u00fchlen, den Herausforderungen des \u201cData Rebalancing\u201d entgegenzutreten, denn Sie werden \u00fcber folgende Punkte gut informiert sein:<\/p>\n","protected":false},"excerpt":{"rendered":"<p>\u00dcber die Serie Cloud-basiert, Cloud-only, Cloud-Migration \u2013 alles, was mit der Cloud zu tun hat, ist seit vielen Jahren ein wachsender Trend. Aber vielleicht ist dabei auch nicht immer alles optimal. Urspr\u00fcnglich war eine Cloud-basierte Infrastruktur die einzige M\u00f6glichkeit, den wachsenden Bedarf an Datenverwaltung und -speicherung in der modernen Welt zukunftssicher zu machen. Laut Gartner [&hellip;]<\/p>\n","protected":false},"author":2,"featured_media":0,"parent":0,"menu_order":0,"comment_status":"closed","ping_status":"closed","template":"page-templates\/category-series.php","meta":{"_acf_changed":false,"footnotes":""},"class_list":["post-6325","page","type-page","status-publish","hentry"],"acf":[],"_links":{"self":[{"href":"https:\/\/lenovodatastoragecentral.com\/de\/wp-json\/wp\/v2\/pages\/6325","targetHints":{"allow":["GET"]}}],"collection":[{"href":"https:\/\/lenovodatastoragecentral.com\/de\/wp-json\/wp\/v2\/pages"}],"about":[{"href":"https:\/\/lenovodatastoragecentral.com\/de\/wp-json\/wp\/v2\/types\/page"}],"author":[{"embeddable":true,"href":"https:\/\/lenovodatastoragecentral.com\/de\/wp-json\/wp\/v2\/users\/2"}],"replies":[{"embeddable":true,"href":"https:\/\/lenovodatastoragecentral.com\/de\/wp-json\/wp\/v2\/comments?post=6325"}],"version-history":[{"count":3,"href":"https:\/\/lenovodatastoragecentral.com\/de\/wp-json\/wp\/v2\/pages\/6325\/revisions"}],"predecessor-version":[{"id":6426,"href":"https:\/\/lenovodatastoragecentral.com\/de\/wp-json\/wp\/v2\/pages\/6325\/revisions\/6426"}],"wp:attachment":[{"href":"https:\/\/lenovodatastoragecentral.com\/de\/wp-json\/wp\/v2\/media?parent=6325"}],"curies":[{"name":"wp","href":"https:\/\/api.w.org\/{rel}","templated":true}]}}