{"id":6326,"date":"2023-11-06T12:29:53","date_gmt":"2023-11-06T12:29:53","guid":{"rendered":"https:\/\/lenovostoragecentral.com\/bring-your-data-management-back-down-to-earth\/"},"modified":"2024-01-23T17:32:27","modified_gmt":"2024-01-23T17:32:27","slug":"ramenez-votre-gestion-des-donnees-sur-terre","status":"publish","type":"page","link":"https:\/\/lenovodatastoragecentral.com\/fr\/ramenez-votre-gestion-des-donnees-sur-terre\/","title":{"rendered":"Ramenez votre gestion des donn\u00e9es sur terre"},"content":{"rendered":"<h2>\u00c0 propos de la s\u00e9rie<\/h2>\n<p>Cloud-based, cloud-only, migration vers le cloud, la tendance pour tout ce qui concerne le cloud est croissante depuis de nombreuses ann\u00e9es. Mais l\u2019herbe n\u2019est peut-\u00eatre pas toujours plus verte ailleurs. \u00c0 l\u2019origine, l\u2019infrastructure cloud \u00e9tait le seul moyen de r\u00e9pondre aux besoins croissants de gestion et de stockage des donn\u00e9es dans le monde moderne. Selon Gartner, les d\u00e9penses li\u00e9es au cloud public devraient atteindre 600 milliards de dollars dans le monde en 2023. Toutefois, en moyenne, environ la moiti\u00e9 des entreprises qui ont migr\u00e9 vers le cloud reviennent \u00e0 une infrastructure sur site plus traditionnelle.* <\/p>\n<p>Alors que de nombreuses entreprises sont confront\u00e9es nouvelles exigences financi\u00e8res et op\u00e9rationnelles de la gestion d\u2019une activit\u00e9 bas\u00e9e sur le cloud, il est temps de faire passer les besoins de vos donn\u00e9es en premier et d\u2019adopter une vision \u00e9quilibr\u00e9e, ce qui peut se traduire par une combinaison de solutions de cloud public et de solutions priv\u00e9es sur site. C\u2019est pourquoi Lenovo et Veeam ont uni leurs forces dans cette s\u00e9rie de webinaires qui explore l\u2019engouement pour la migration vers le cloud et explique comment et pourquoi les entreprises peuvent ramener la gestion de leurs donn\u00e9es sur terre.<\/p>\n<p>\u00c0 la fin de cette s\u00e9rie de trois courts \u00e9pisodes de 15 minutes, vous vous sentirez pr\u00eat \u00e0 faire face \u00e0 une \u00e9ventuelle tourmente informatique gr\u00e2ce \u00e0 une compr\u00e9hension claire des \u00e9l\u00e9ments suivants :<\/p>\n","protected":false},"excerpt":{"rendered":"<p>\u00c0 propos de la s\u00e9rie Cloud-based, cloud-only, migration vers le cloud, la tendance pour tout ce qui concerne le cloud est croissante depuis de nombreuses ann\u00e9es. Mais l\u2019herbe n\u2019est peut-\u00eatre pas toujours plus verte ailleurs. \u00c0 l\u2019origine, l\u2019infrastructure cloud \u00e9tait le seul moyen de r\u00e9pondre aux besoins croissants de gestion et de stockage des donn\u00e9es [&hellip;]<\/p>\n","protected":false},"author":2,"featured_media":0,"parent":0,"menu_order":0,"comment_status":"closed","ping_status":"closed","template":"page-templates\/category-series.php","meta":{"_acf_changed":false,"footnotes":""},"class_list":["post-6326","page","type-page","status-publish","hentry"],"acf":[],"_links":{"self":[{"href":"https:\/\/lenovodatastoragecentral.com\/fr\/wp-json\/wp\/v2\/pages\/6326","targetHints":{"allow":["GET"]}}],"collection":[{"href":"https:\/\/lenovodatastoragecentral.com\/fr\/wp-json\/wp\/v2\/pages"}],"about":[{"href":"https:\/\/lenovodatastoragecentral.com\/fr\/wp-json\/wp\/v2\/types\/page"}],"author":[{"embeddable":true,"href":"https:\/\/lenovodatastoragecentral.com\/fr\/wp-json\/wp\/v2\/users\/2"}],"replies":[{"embeddable":true,"href":"https:\/\/lenovodatastoragecentral.com\/fr\/wp-json\/wp\/v2\/comments?post=6326"}],"version-history":[{"count":4,"href":"https:\/\/lenovodatastoragecentral.com\/fr\/wp-json\/wp\/v2\/pages\/6326\/revisions"}],"predecessor-version":[{"id":6429,"href":"https:\/\/lenovodatastoragecentral.com\/fr\/wp-json\/wp\/v2\/pages\/6326\/revisions\/6429"}],"wp:attachment":[{"href":"https:\/\/lenovodatastoragecentral.com\/fr\/wp-json\/wp\/v2\/media?parent=6326"}],"curies":[{"name":"wp","href":"https:\/\/api.w.org\/{rel}","templated":true}]}}